{"id":76,"date":"2020-02-26T12:07:32","date_gmt":"2020-02-26T12:07:32","guid":{"rendered":"http:\/\/localhost\/arri_medical\/wp?page_id=76"},"modified":"2024-07-26T09:33:53","modified_gmt":"2024-07-26T07:33:53","slug":"ueber-uns","status":"publish","type":"page","link":"https:\/\/www.munichimaging.de\/de\/ueber-uns\/","title":{"rendered":"\u00dcBER UNS"},"content":{"rendered":"<div class=\"wpb-content-wrapper\"><p>[vc_row][vc_column width=&#8221;1\/1&#8243;][vc_single_image media=&#8221;1820&#8243; media_width_percent=&#8221;100&#8243; uncode_shortcode_id=&#8221;691433&#8243;][\/vc_column][\/vc_row][vc_row][vc_column column_width_percent=&#8221;100&#8243; gutter_size=&#8221;3&#8243; overlay_alpha=&#8221;50&#8243; shift_x=&#8221;0&#8243; shift_y=&#8221;0&#8243; shift_y_down=&#8221;0&#8243; z_index=&#8221;0&#8243; medium_width=&#8221;0&#8243; mobile_width=&#8221;0&#8243; width=&#8221;1\/1&#8243;][vc_custom_heading text_color=&#8221;accent&#8221; heading_semantic=&#8221;h6&#8243; text_size=&#8221;h6&#8243; text_transform=&#8221;uppercase&#8221; uncode_shortcode_id=&#8221;101956&#8243; text_color_type=&#8221;uncode-palette&#8221;]<\/p>\n<div class=\"textcontent_left\">\n<h2>Hightech in der Operationsmikroskopie<\/h2>\n<\/div>\n<p>[\/vc_custom_heading][vc_column_text uncode_shortcode_id=&#8221;136079&#8243;]Munich Surgical Imaging ist ein Hightech-Unternehmen, das sich auf die Bereiche volldigitale Operationsmikroskopie, chirurgische Bildgebung und bildgest\u00fctzte Applikationen spezialisiert hat. Die erste chirurgische Plattform des Unternehmens f\u00fcr den HNO-Bereich wurde von Chirurgen f\u00fcr ihre herausragende 3D-Bildqualit\u00e4t und die Verkn\u00fcpfung der 3D-Bildgebung mit pr\u00e4operativen Daten gelobt. Als hundertprozentige Tochtergesellschaft der Heidelberg Engineering GmbH hat Munich Surgical Imaging modernste OCT-Technologie in seine chirurgischen L\u00f6sungen integriert und sein Produktportfolio auf die Ophthalmologie ausgeweitet, indem es eine volldigitale Visualisierungsplattform von Grund auf neu entwickelt hat.[\/vc_column_text][vc_button border_width=&#8221;0&#8243; link=&#8221;url:https%3A%2F%2Fwww.munichimaging.de%2Fde%2Fkontakt%2F|title:KONTAKT&#8221; icon=&#8221;fa fa-envelope-o&#8221; uncode_shortcode_id=&#8221;188949&#8243;]Kontakt[\/vc_button][vc_empty_space empty_h=&#8221;3&#8243;][vc_empty_space empty_h=&#8221;3&#8243;][\/vc_column][\/vc_row]<\/p>\n<\/div>","protected":false},"excerpt":{"rendered":"<p>[vc_row][vc_column width=&#8221;1\/1&#8243;][vc_single_image media=&#8221;1820&#8243; media_width_percent=&#8221;100&#8243; uncode_shortcode_id=&#8221;691433&#8243;][\/vc_column][\/vc_row][vc_row][vc_column column_width_percent=&#8221;100&#8243; gutter_size=&#8221;3&#8243; overlay_alpha=&#8221;50&#8243; shift_x=&#8221;0&#8243; shift_y=&#8221;0&#8243; shift_y_down=&#8221;0&#8243; z_index=&#8221;0&#8243; medium_width=&#8221;0&#8243; mobile_width=&#8221;0&#8243; width=&#8221;1\/1&#8243;][vc_custom_heading text_color=&#8221;accent&#8221; heading_semantic=&#8221;h6&#8243; text_size=&#8221;h6&#8243; text_transform=&#8221;uppercase&#8221; uncode_shortcode_id=&#8221;101956&#8243; [&hellip;]<\/p>\n","protected":false},"author":2,"featured_media":0,"parent":0,"menu_order":0,"comment_status":"closed","ping_status":"closed","template":"","meta":{"footnotes":""},"class_list":["post-76","page","type-page","status-publish","hentry"],"yoast_head":"<!-- This site is optimized with the Yoast SEO plugin v27.3 - https:\/\/yoast.com\/product\/yoast-seo-wordpress\/ -->\n<title>\u00dcBER UNS - Munich Surgical Imaging<\/title>\n<meta name=\"robots\" content=\"index, follow, max-snippet:-1, max-image-preview:large, max-video-preview:-1\" \/>\n<link rel=\"canonical\" href=\"https:\/\/www.munichimaging.de\/de\/ueber-uns\/\" \/>\n<meta property=\"og:locale\" content=\"de_DE\" \/>\n<meta property=\"og:type\" content=\"article\" \/>\n<meta property=\"og:title\" content=\"\u00dcBER UNS - Munich Surgical Imaging\" \/>\n<meta property=\"og:description\" content=\"[vc_row][vc_column width=&#8221;1\/1&#8243;][vc_single_image media=&#8221;1820&#8243; media_width_percent=&#8221;100&#8243; uncode_shortcode_id=&#8221;691433&#8243;][\/vc_column][\/vc_row][vc_row][vc_column column_width_percent=&#8221;100&#8243; gutter_size=&#8221;3&#8243; overlay_alpha=&#8221;50&#8243; shift_x=&#8221;0&#8243; shift_y=&#8221;0&#8243; shift_y_down=&#8221;0&#8243; z_index=&#8221;0&#8243; medium_width=&#8221;0&#8243; mobile_width=&#8221;0&#8243; width=&#8221;1\/1&#8243;][vc_custom_heading text_color=&#8221;accent&#8221; heading_semantic=&#8221;h6&#8243; text_size=&#8221;h6&#8243; text_transform=&#8221;uppercase&#8221; uncode_shortcode_id=&#8221;101956&#8243; [&hellip;]\" \/>\n<meta property=\"og:url\" content=\"https:\/\/www.munichimaging.de\/de\/ueber-uns\/\" \/>\n<meta property=\"og:site_name\" content=\"Munich Surgical Imaging\" \/>\n<meta property=\"article:modified_time\" content=\"2024-07-26T07:33:53+00:00\" \/>\n<meta name=\"twitter:card\" content=\"summary_large_image\" \/>\n<meta name=\"twitter:label1\" content=\"Gesch\u00e4tzte Lesezeit\" \/>\n\t<meta name=\"twitter:data1\" content=\"1\u00a0Minute\" \/>\n<script type=\"application\/ld+json\" class=\"yoast-schema-graph\">{\"@context\":\"https:\\\/\\\/schema.org\",\"@graph\":[{\"@type\":\"WebPage\",\"@id\":\"https:\\\/\\\/www.munichimaging.de\\\/de\\\/ueber-uns\\\/\",\"url\":\"https:\\\/\\\/www.munichimaging.de\\\/de\\\/ueber-uns\\\/\",\"name\":\"\u00dcBER UNS - Munich Surgical Imaging\",\"isPartOf\":{\"@id\":\"https:\\\/\\\/www.munichimaging.de\\\/de\\\/#website\"},\"datePublished\":\"2020-02-26T12:07:32+00:00\",\"dateModified\":\"2024-07-26T07:33:53+00:00\",\"breadcrumb\":{\"@id\":\"https:\\\/\\\/www.munichimaging.de\\\/de\\\/ueber-uns\\\/#breadcrumb\"},\"inLanguage\":\"de\",\"potentialAction\":[{\"@type\":\"ReadAction\",\"target\":[\"https:\\\/\\\/www.munichimaging.de\\\/de\\\/ueber-uns\\\/\"]}]},{\"@type\":\"BreadcrumbList\",\"@id\":\"https:\\\/\\\/www.munichimaging.de\\\/de\\\/ueber-uns\\\/#breadcrumb\",\"itemListElement\":[{\"@type\":\"ListItem\",\"position\":1,\"name\":\"Home\",\"item\":\"https:\\\/\\\/www.munichimaging.de\\\/de\\\/\"},{\"@type\":\"ListItem\",\"position\":2,\"name\":\"\u00dcBER UNS\"}]},{\"@type\":\"WebSite\",\"@id\":\"https:\\\/\\\/www.munichimaging.de\\\/de\\\/#website\",\"url\":\"https:\\\/\\\/www.munichimaging.de\\\/de\\\/\",\"name\":\"Munich Surgical Imaging\",\"description\":\"Das ARRISCOPE ist das weltweit erste hochaufl\u00f6sende, volldigitale Operationsmikroskop f\u00fcr die stereoskopische Betrachtung.\",\"publisher\":{\"@id\":\"https:\\\/\\\/www.munichimaging.de\\\/de\\\/#organization\"},\"potentialAction\":[{\"@type\":\"SearchAction\",\"target\":{\"@type\":\"EntryPoint\",\"urlTemplate\":\"https:\\\/\\\/www.munichimaging.de\\\/de\\\/?s={search_term_string}\"},\"query-input\":{\"@type\":\"PropertyValueSpecification\",\"valueRequired\":true,\"valueName\":\"search_term_string\"}}],\"inLanguage\":\"de\"},{\"@type\":\"Organization\",\"@id\":\"https:\\\/\\\/www.munichimaging.de\\\/de\\\/#organization\",\"name\":\"Munich Surgical Imaging\",\"url\":\"https:\\\/\\\/www.munichimaging.de\\\/de\\\/\",\"logo\":{\"@type\":\"ImageObject\",\"inLanguage\":\"de\",\"@id\":\"https:\\\/\\\/www.munichimaging.de\\\/de\\\/#\\\/schema\\\/logo\\\/image\\\/\",\"url\":\"https:\\\/\\\/www.munichimaging.de\\\/http:\\\/\\\/www.munichimaging.de\\\/wp-content\\\/uploads\\\/2020\\\/08\\\/munich_surgical_imaging_logo_pos.svg\",\"contentUrl\":\"https:\\\/\\\/www.munichimaging.de\\\/http:\\\/\\\/www.munichimaging.de\\\/wp-content\\\/uploads\\\/2020\\\/08\\\/munich_surgical_imaging_logo_pos.svg\",\"width\":\"250\",\"height\":\"47\",\"caption\":\"Munich Surgical Imaging\"},\"image\":{\"@id\":\"https:\\\/\\\/www.munichimaging.de\\\/de\\\/#\\\/schema\\\/logo\\\/image\\\/\"}}]}<\/script>\n<!-- \/ Yoast SEO plugin. -->","yoast_head_json":{"title":"\u00dcBER UNS - Munich Surgical Imaging","robots":{"index":"index","follow":"follow","max-snippet":"max-snippet:-1","max-image-preview":"max-image-preview:large","max-video-preview":"max-video-preview:-1"},"canonical":"https:\/\/www.munichimaging.de\/de\/ueber-uns\/","og_locale":"de_DE","og_type":"article","og_title":"\u00dcBER UNS - Munich Surgical Imaging","og_description":"[vc_row][vc_column width=&#8221;1\/1&#8243;][vc_single_image media=&#8221;1820&#8243; media_width_percent=&#8221;100&#8243; uncode_shortcode_id=&#8221;691433&#8243;][\/vc_column][\/vc_row][vc_row][vc_column column_width_percent=&#8221;100&#8243; gutter_size=&#8221;3&#8243; overlay_alpha=&#8221;50&#8243; shift_x=&#8221;0&#8243; shift_y=&#8221;0&#8243; shift_y_down=&#8221;0&#8243; z_index=&#8221;0&#8243; medium_width=&#8221;0&#8243; mobile_width=&#8221;0&#8243; width=&#8221;1\/1&#8243;][vc_custom_heading text_color=&#8221;accent&#8221; heading_semantic=&#8221;h6&#8243; text_size=&#8221;h6&#8243; text_transform=&#8221;uppercase&#8221; uncode_shortcode_id=&#8221;101956&#8243; [&hellip;]","og_url":"https:\/\/www.munichimaging.de\/de\/ueber-uns\/","og_site_name":"Munich Surgical Imaging","article_modified_time":"2024-07-26T07:33:53+00:00","twitter_card":"summary_large_image","twitter_misc":{"Gesch\u00e4tzte Lesezeit":"1\u00a0Minute"},"schema":{"@context":"https:\/\/schema.org","@graph":[{"@type":"WebPage","@id":"https:\/\/www.munichimaging.de\/de\/ueber-uns\/","url":"https:\/\/www.munichimaging.de\/de\/ueber-uns\/","name":"\u00dcBER UNS - Munich Surgical Imaging","isPartOf":{"@id":"https:\/\/www.munichimaging.de\/de\/#website"},"datePublished":"2020-02-26T12:07:32+00:00","dateModified":"2024-07-26T07:33:53+00:00","breadcrumb":{"@id":"https:\/\/www.munichimaging.de\/de\/ueber-uns\/#breadcrumb"},"inLanguage":"de","potentialAction":[{"@type":"ReadAction","target":["https:\/\/www.munichimaging.de\/de\/ueber-uns\/"]}]},{"@type":"BreadcrumbList","@id":"https:\/\/www.munichimaging.de\/de\/ueber-uns\/#breadcrumb","itemListElement":[{"@type":"ListItem","position":1,"name":"Home","item":"https:\/\/www.munichimaging.de\/de\/"},{"@type":"ListItem","position":2,"name":"\u00dcBER UNS"}]},{"@type":"WebSite","@id":"https:\/\/www.munichimaging.de\/de\/#website","url":"https:\/\/www.munichimaging.de\/de\/","name":"Munich Surgical Imaging","description":"Das ARRISCOPE ist das weltweit erste hochaufl\u00f6sende, volldigitale Operationsmikroskop f\u00fcr die stereoskopische Betrachtung.","publisher":{"@id":"https:\/\/www.munichimaging.de\/de\/#organization"},"potentialAction":[{"@type":"SearchAction","target":{"@type":"EntryPoint","urlTemplate":"https:\/\/www.munichimaging.de\/de\/?s={search_term_string}"},"query-input":{"@type":"PropertyValueSpecification","valueRequired":true,"valueName":"search_term_string"}}],"inLanguage":"de"},{"@type":"Organization","@id":"https:\/\/www.munichimaging.de\/de\/#organization","name":"Munich Surgical Imaging","url":"https:\/\/www.munichimaging.de\/de\/","logo":{"@type":"ImageObject","inLanguage":"de","@id":"https:\/\/www.munichimaging.de\/de\/#\/schema\/logo\/image\/","url":"https:\/\/www.munichimaging.de\/http:\/\/www.munichimaging.de\/wp-content\/uploads\/2020\/08\/munich_surgical_imaging_logo_pos.svg","contentUrl":"https:\/\/www.munichimaging.de\/http:\/\/www.munichimaging.de\/wp-content\/uploads\/2020\/08\/munich_surgical_imaging_logo_pos.svg","width":"250","height":"47","caption":"Munich Surgical Imaging"},"image":{"@id":"https:\/\/www.munichimaging.de\/de\/#\/schema\/logo\/image\/"}}]}},"_links":{"self":[{"href":"https:\/\/www.munichimaging.de\/de\/wp-json\/wp\/v2\/pages\/76","targetHints":{"allow":["GET"]}}],"collection":[{"href":"https:\/\/www.munichimaging.de\/de\/wp-json\/wp\/v2\/pages"}],"about":[{"href":"https:\/\/www.munichimaging.de\/de\/wp-json\/wp\/v2\/types\/page"}],"author":[{"embeddable":true,"href":"https:\/\/www.munichimaging.de\/de\/wp-json\/wp\/v2\/users\/2"}],"replies":[{"embeddable":true,"href":"https:\/\/www.munichimaging.de\/de\/wp-json\/wp\/v2\/comments?post=76"}],"version-history":[{"count":16,"href":"https:\/\/www.munichimaging.de\/de\/wp-json\/wp\/v2\/pages\/76\/revisions"}],"predecessor-version":[{"id":1901,"href":"https:\/\/www.munichimaging.de\/de\/wp-json\/wp\/v2\/pages\/76\/revisions\/1901"}],"wp:attachment":[{"href":"https:\/\/www.munichimaging.de\/de\/wp-json\/wp\/v2\/media?parent=76"}],"curies":[{"name":"wp","href":"https:\/\/api.w.org\/{rel}","templated":true}]}}